{"id":26,"date":"2021-01-27T17:45:55","date_gmt":"2021-01-27T16:45:55","guid":{"rendered":"https:\/\/www.tour-duguesclin.fr\/blog\/?page_id=26"},"modified":"2026-03-06T22:24:59","modified_gmt":"2026-03-06T21:24:59","slug":"boire-un-verre","status":"publish","type":"page","link":"https:\/\/www.tour-duguesclin.fr\/leguide\/?page_id=26","title":{"rendered":"Manger et Boire"},"content":{"rendered":"\n<p>Parce que les balades, les spectacles, les mus\u00e9es, c&rsquo;est bien gentil mais il faut aussi penser \u00e0 se sustenter !<\/p>\n\n\n\n<div class=\"wp-block-cover has-background-dim-20 has-background-dim\" style=\"min-height:107px\"><img loading=\"lazy\" width=\"710\" height=\"94\" class=\"wp-block-cover__image-background wp-image-195\" alt=\"\" src=\"https:\/\/www.tour-duguesclin.fr\/leguide\/wp-content\/uploads\/2021\/01\/chauvignyb1.png\" style=\"object-position:70% 58%\" data-object-fit=\"cover\" data-object-position=\"70% 58%\" srcset=\"https:\/\/www.tour-duguesclin.fr\/leguide\/wp-content\/uploads\/2021\/01\/chauvignyb1.png 710w, https:\/\/www.tour-duguesclin.fr\/leguide\/wp-content\/uploads\/2021\/01\/chauvignyb1-300x40.png 300w\" sizes=\"(max-width: 710px) 100vw, 710px\" \/><div class=\"wp-block-cover__inner-container\">\n<p class=\"has-text-align-center has-large-font-size\">En cit\u00e9 m\u00e9di\u00e9vale<\/p>\n<\/div><\/div>\n\n\n\n<div class=\"wp-block-group\"><div class=\"wp-block-group__inner-container\">\n<p><\/p>\n\n\n\n<h2><a href=\"http:\/\/www.saintpierreetleloup.fr\" data-type=\"URL\" data-id=\"www.saintpierreetleloup.fr\" target=\"_blank\" rel=\"noreferrer noopener\">Le restaurant Saint-Pierre et le loup<\/a><\/h2>\n\n\n\n<p>Au pied de la coll\u00e9giale Saint-Pierre, en plein coeur de la cit\u00e9 m\u00e9di\u00e9vale, un petit restaurant \u00e0 l&rsquo;ambiance familiale, propose une cuisine \u00e0 base de produits frais et locaux. Pensez \u00e0 r\u00e9server, les tables sont peu nombreuses et tr\u00e8s demand\u00e9es !<\/p>\n\n\n\n<ul><li><strong>Adresse<\/strong> : 15 rue Saint-Pierre &#8211; 06 21 02 60 35<\/li><\/ul>\n\n\n\n<hr class=\"wp-block-separator is-style-wide\"\/>\n<\/div><\/div>\n\n\n\n<div class=\"wp-block-group\"><div class=\"wp-block-group__inner-container\">\n<p><\/p>\n\n\n\n<h2><a href=\"http:\/\/www.leclouchauvigny.com\" data-type=\"URL\" target=\"_blank\" rel=\"noreferrer noopener\">Le Clou<\/a><\/h2>\n\n\n\n<p>En face du restaurant Saint-Pierre et le loup, le Clou est un tiers-lieu associatif, blotti dans une magnifique b\u00e2tisse du XVIIe si\u00e8cle. N&rsquo;h\u00e9sitez pas \u00e0 vous y arr\u00eater pour boire un verre dans la cour, paresser dans le jardin, lire ou acheter un livre, d\u00e9couvrir les producteurs locaux ou profiter d&rsquo;un espace de travail partag\u00e9 avec connexion wifi.<\/p>\n\n\n\n<ul><li><strong>Adresse<\/strong> : 4 rue Saint-Pierre, ouvert tout l&rsquo;\u00e9t\u00e9 du mercredi au dimanche et le reste de l&rsquo;ann\u00e9e du mercredi au samedi<\/li><\/ul>\n\n\n\n<hr class=\"wp-block-separator is-style-wide\"\/>\n<\/div><\/div>\n\n\n\n<div class=\"wp-block-group\"><div class=\"wp-block-group__inner-container\">\n<h2><a rel=\"noreferrer noopener\" href=\"https:\/\/www.google.fr\/url?sa=t&amp;rct=j&amp;q=&amp;esrc=s&amp;source=web&amp;cd=&amp;cad=rja&amp;uact=8&amp;ved=2ahUKEwjsnpTEktHuAhUKdxoKHSGiCAkQFjABegQIAxAC&amp;url=https%3A%2F%2Ffr-fr.facebook.com%2Fpages%2Fcategory%2FFrench-Restaurant%2FLes-Choucas-120945591812990%2F&amp;usg=AOvVaw3I8GvV6v0Jcyee8OrOOBWT\" target=\"_blank\">La Caz<\/a><\/h2>\n\n\n\n<p>Sur la grande place de la cit\u00e9 m\u00e9di\u00e9vale, venez d\u00e9guster une cuisine de qualit\u00e9, copieuse et imaginative, avec, en prime, l&rsquo;accueil chaleureux de Sabina.<\/p>\n\n\n\n<ul><li><strong>Adresse<\/strong> : 21 rue des Puys (sur la place du donjon) &#8211; 06 98 25 87 74<\/li><\/ul>\n\n\n\n<hr class=\"wp-block-separator is-style-wide\"\/>\n\n\n\n<p><\/p>\n<\/div><\/div>\n\n\n\n<div class=\"wp-block-group\"><div class=\"wp-block-group__inner-container\">\n<h2><a href=\"https:\/\/www.google.fr\/url?sa=t&amp;rct=j&amp;q=&amp;esrc=s&amp;source=web&amp;cd=&amp;cad=rja&amp;uact=8&amp;ved=2ahUKEwiDn6nbktHuAhXFxoUKHYNaCTwQFjABegQIAhAC&amp;url=https%3A%2F%2Ffr-fr.facebook.com%2Flabigorne%2F&amp;usg=AOvVaw1LkewdupZesEknNUjh9XA4\" data-type=\"URL\" data-id=\"https:\/\/www.google.fr\/url?sa=t&amp;rct=j&amp;q=&amp;esrc=s&amp;source=web&amp;cd=&amp;cad=rja&amp;uact=8&amp;ved=2ahUKEwiDn6nbktHuAhXFxoUKHYNaCTwQFjABegQIAhAC&amp;url=https%3A%2F%2Ffr-fr.facebook.com%2Flabigorne%2F&amp;usg=AOvVaw1LkewdupZesEknNUjh9XA4\" target=\"_blank\" rel=\"noreferrer noopener\">La Bigorne<\/a><\/h2>\n\n\n\n<p>Envie de galettes ou de cr\u00eapes faites maison, avec de la farine locale de qualit\u00e9 ? Rendez-vous \u00e0 la Bigorne, place du Donjon, sur la plus belle terrasse de la ville.<\/p>\n\n\n\n<ul><li><strong>Adresse<\/strong> : 25 rue des Puys (au pied du donjon de Gouzon) &#8211; 05 49 56 05 40<\/li><\/ul>\n\n\n\n<hr class=\"wp-block-separator is-style-wide\"\/>\n<\/div><\/div>\n\n\n\n<div class=\"wp-block-group\"><div class=\"wp-block-group__inner-container\">\n<h2><a href=\"https:\/\/www.google.fr\/url?sa=t&amp;rct=j&amp;q=&amp;esrc=s&amp;source=web&amp;cd=&amp;cad=rja&amp;uact=8&amp;ved=2ahUKEwjQzqXpktHuAhVDJhoKHdbaDZgQFjAAegQIAhAC&amp;url=http%3A%2F%2Fwww.la-belle-epoque.fr%2F&amp;usg=AOvVaw07WuZuOJrMG7eDU7wS--V_\" target=\"_blank\" rel=\"noreferrer noopener\">La Belle Epoque<\/a><\/h2>\n\n\n\n<p>La Belle Epoque est un bar d\u2019ambiance situ\u00e9 \u00e0 l&rsquo;entr\u00e9e de la cit\u00e9 m\u00e9di\u00e9vale. Vous y trouverez une restauration traditionnelle  ainsi qu\u2019un large choix de glaces et cocktails.<\/p>\n\n\n\n<ul><li><strong>Adresse<\/strong> : 1 rue Saint-Pierre (en face du ch\u00e2teau des Ev\u00eaques, h\u00e9bergeant les G\u00e9ants du Ciel) &#8211; 05 49 46 55 23<\/li><\/ul>\n\n\n\n<hr class=\"wp-block-separator is-style-wide\"\/>\n<\/div><\/div>\n\n\n\n<div class=\"wp-block-cover has-background-dim-20 has-background-dim\" style=\"min-height:107px\"><img loading=\"lazy\" width=\"930\" height=\"620\" class=\"wp-block-cover__image-background wp-image-457\" alt=\"\" src=\"https:\/\/www.tour-duguesclin.fr\/leguide\/wp-content\/uploads\/2021\/02\/ville_basse.jpg\" style=\"object-position:54% 65%\" data-object-fit=\"cover\" data-object-position=\"54% 65%\" srcset=\"https:\/\/www.tour-duguesclin.fr\/leguide\/wp-content\/uploads\/2021\/02\/ville_basse.jpg 930w, https:\/\/www.tour-duguesclin.fr\/leguide\/wp-content\/uploads\/2021\/02\/ville_basse-300x200.jpg 300w, https:\/\/www.tour-duguesclin.fr\/leguide\/wp-content\/uploads\/2021\/02\/ville_basse-768x512.jpg 768w\" sizes=\"(max-width: 930px) 100vw, 930px\" \/><div class=\"wp-block-cover__inner-container\">\n<p class=\"has-text-align-center has-large-font-size\">En ville basse<\/p>\n<\/div><\/div>\n\n\n\n<div class=\"wp-block-group\"><div class=\"wp-block-group__inner-container\">\n<p><\/p>\n\n\n\n<h2><a href=\"https:\/\/www.google.fr\/url?sa=t&amp;rct=j&amp;q=&amp;esrc=s&amp;source=web&amp;cd=&amp;cad=rja&amp;uact=8&amp;ved=2ahUKEwibwcz0ktHuAhVtx4UKHZjBBqcQFjABegQIAhAC&amp;url=https%3A%2F%2Fwww.hotel-restaurant-le-lion-dor.fr%2F&amp;usg=AOvVaw2e4yFfxLEd0h1czu-qfA8g\" target=\"_blank\" rel=\"noreferrer noopener\">Le Lion d&rsquo;or<\/a><\/h2>\n\n\n\n<p>Le Lion d&rsquo;Or, c&rsquo;est LE restaurant de cuisine traditionnelle gastronomique \u00e0 Chauvigny, une v\u00e9ritable institution.<\/p>\n\n\n\n<ul><li><strong>Adresse<\/strong> : 8 rue du march\u00e9 &#8211; 05 49 46 30 28<\/li><\/ul>\n\n\n\n<hr class=\"wp-block-separator is-style-wide\"\/>\n<\/div><\/div>\n\n\n\n<h2><a rel=\"noreferrer noopener\" href=\"https:\/\/www.google.fr\/url?sa=t&amp;rct=j&amp;q=&amp;esrc=s&amp;source=web&amp;cd=&amp;cad=rja&amp;uact=8&amp;ved=2ahUKEwibwcz0ktHuAhVtx4UKHZjBBqcQFjABegQIAhAC&amp;url=https%3A%2F%2Fwww.hotel-restaurant-le-lion-dor.fr%2F&amp;usg=AOvVaw2e4yFfxLEd0h1czu-qfA8g\" target=\"_blank\">Chai nous<\/a><\/h2>\n\n\n\n<p>Au Chai nous on peut se r\u00e9galer tout au long de l&rsquo;ann\u00e9e dans la salle de restaurant, d\u00e9couvrir de bonnes bouteilles issues de la cave \u00e0 vins gr\u00e2ce aux conseils d&rsquo;Adrien et aux beaux jours profiter de l&rsquo;espace guinguette en ext\u00e9rieur.<\/p>\n\n\n\n<ul><li><strong>Adresse<\/strong> : ZA La Carte (pr\u00e8s du Leclerc) &#8211; 05 49 46 30 28<\/li><\/ul>\n","protected":false},"excerpt":{"rendered":"<p>Parce que les balades, les spectacles, les mus\u00e9es, c&rsquo;est bien gentil mais il faut aussi penser \u00e0 se sustenter ! Le restaurant Saint-Pierre et le loup Au pied de la coll\u00e9giale Saint-Pierre, en plein coeur&hellip;<\/p>\n<p><a class=\"excerpt-readmore\" href=\"https:\/\/www.tour-duguesclin.fr\/leguide\/?page_id=26\">Read More<\/a><\/p>\n","protected":false},"author":1,"featured_media":0,"parent":0,"menu_order":0,"comment_status":"closed","ping_status":"closed","template":"","meta":[],"_links":{"self":[{"href":"https:\/\/www.tour-duguesclin.fr\/leguide\/index.php?rest_route=\/wp\/v2\/pages\/26"}],"collection":[{"href":"https:\/\/www.tour-duguesclin.fr\/leguide\/index.php?rest_route=\/wp\/v2\/pages"}],"about":[{"href":"https:\/\/www.tour-duguesclin.fr\/leguide\/index.php?rest_route=\/wp\/v2\/types\/page"}],"author":[{"embeddable":true,"href":"https:\/\/www.tour-duguesclin.fr\/leguide\/index.php?rest_route=\/wp\/v2\/users\/1"}],"replies":[{"embeddable":true,"href":"https:\/\/www.tour-duguesclin.fr\/leguide\/index.php?rest_route=%2Fwp%2Fv2%2Fcomments&post=26"}],"version-history":[{"count":80,"href":"https:\/\/www.tour-duguesclin.fr\/leguide\/index.php?rest_route=\/wp\/v2\/pages\/26\/revisions"}],"predecessor-version":[{"id":1071,"href":"https:\/\/www.tour-duguesclin.fr\/leguide\/index.php?rest_route=\/wp\/v2\/pages\/26\/revisions\/1071"}],"wp:attachment":[{"href":"https:\/\/www.tour-duguesclin.fr\/leguide\/index.php?rest_route=%2Fwp%2Fv2%2Fmedia&parent=26"}],"curies":[{"name":"wp","href":"https:\/\/api.w.org\/{rel}","templated":true}]}}