{"id":340,"date":"2021-02-02T20:37:03","date_gmt":"2021-02-02T19:37:03","guid":{"rendered":"https:\/\/www.tour-duguesclin.fr\/blog\/?page_id=340"},"modified":"2021-03-03T17:49:24","modified_gmt":"2021-03-03T16:49:24","slug":"en-vrac","status":"publish","type":"page","link":"https:\/\/www.tour-duguesclin.fr\/leguide\/?page_id=340","title":{"rendered":"Chauvigny et les chauvinois"},"content":{"rendered":"<ul class=\"wp-block-latest-posts__list is-grid columns-4 aligncenter wp-block-latest-posts\"><li><div class=\"wp-block-latest-posts__featured-image aligncenter\"><a href=\"https:\/\/www.tour-duguesclin.fr\/leguide\/?p=988\"><img width=\"99\" height=\"150\" src=\"https:\/\/www.tour-duguesclin.fr\/leguide\/wp-content\/uploads\/2022\/04\/mesange.charbonniere-e1650540384966-99x150.jpg\" class=\"attachment-thumbnail size-thumbnail wp-post-image\" alt=\"\" loading=\"lazy\" style=\"\" \/><\/a><\/div><a href=\"https:\/\/www.tour-duguesclin.fr\/leguide\/?p=988\">Les oiseaux de Chauvigny<\/a><div class=\"wp-block-latest-posts__post-excerpt\">Il n&rsquo;y a pas que des rapaces \u00e0 Chauvigny ! D\u00e9couvrez la faune ornithologique famili\u00e8re qui r\u00e9side dans notre ville.<\/div><\/li>\n<li><div class=\"wp-block-latest-posts__featured-image aligncenter\"><a href=\"https:\/\/www.tour-duguesclin.fr\/leguide\/?p=960\"><img width=\"150\" height=\"150\" src=\"https:\/\/www.tour-duguesclin.fr\/leguide\/wp-content\/uploads\/2021\/04\/quiz-150x150.jpg\" class=\"attachment-thumbnail size-thumbnail wp-post-image\" alt=\"\" loading=\"lazy\" style=\"\" srcset=\"https:\/\/www.tour-duguesclin.fr\/leguide\/wp-content\/uploads\/2021\/04\/quiz-150x150.jpg 150w, https:\/\/www.tour-duguesclin.fr\/leguide\/wp-content\/uploads\/2021\/04\/quiz-100x100.jpg 100w\" sizes=\"(max-width: 150px) 100vw, 150px\" \/><\/a><\/div><a href=\"https:\/\/www.tour-duguesclin.fr\/leguide\/?p=960\">Etes-vous un vrai chauvinois ?<\/a><div class=\"wp-block-latest-posts__post-excerpt\">Pour le d\u00e9couvrir, r\u00e9pondez aux 10 questions suivantes !<\/div><\/li>\n<li><div class=\"wp-block-latest-posts__featured-image aligncenter\"><a href=\"https:\/\/www.tour-duguesclin.fr\/leguide\/?p=747\"><img width=\"150\" height=\"150\" src=\"https:\/\/www.tour-duguesclin.fr\/leguide\/wp-content\/uploads\/2021\/02\/farci2-150x150.png\" class=\"attachment-thumbnail size-thumbnail wp-post-image\" alt=\"farci poitevin\" loading=\"lazy\" style=\"\" srcset=\"https:\/\/www.tour-duguesclin.fr\/leguide\/wp-content\/uploads\/2021\/02\/farci2-150x150.png 150w, https:\/\/www.tour-duguesclin.fr\/leguide\/wp-content\/uploads\/2021\/02\/farci2-100x100.png 100w\" sizes=\"(max-width: 150px) 100vw, 150px\" \/><\/a><\/div><a href=\"https:\/\/www.tour-duguesclin.fr\/leguide\/?p=747\">Le farci poitevin<\/a><div class=\"wp-block-latest-posts__post-excerpt\">Le farci poitevin, plat embl\u00e9matique de la r\u00e9gion.<\/div><\/li>\n<li><div class=\"wp-block-latest-posts__featured-image aligncenter\"><a href=\"https:\/\/www.tour-duguesclin.fr\/leguide\/?p=719\"><img width=\"150\" height=\"150\" src=\"https:\/\/www.tour-duguesclin.fr\/leguide\/wp-content\/uploads\/2021\/02\/hendidandeli-150x150.jpg\" class=\"attachment-thumbnail size-thumbnail wp-post-image\" alt=\"\" loading=\"lazy\" style=\"\" srcset=\"https:\/\/www.tour-duguesclin.fr\/leguide\/wp-content\/uploads\/2021\/02\/hendidandeli-150x150.jpg 150w, https:\/\/www.tour-duguesclin.fr\/leguide\/wp-content\/uploads\/2021\/02\/hendidandeli-100x100.jpg 100w\" sizes=\"(max-width: 150px) 100vw, 150px\" \/><\/a><\/div><a href=\"https:\/\/www.tour-duguesclin.fr\/leguide\/?p=719\">La querelle des vins<\/a><div class=\"wp-block-latest-posts__post-excerpt\">Les vins de Chauvigny \u00e9taient c\u00e9l\u00e8bres d\u00e8s le XIII\u00e8e si\u00e8cle !<\/div><\/li>\n<li><div class=\"wp-block-latest-posts__featured-image aligncenter\"><a href=\"https:\/\/www.tour-duguesclin.fr\/leguide\/?p=633\"><img width=\"150\" height=\"150\" src=\"https:\/\/www.tour-duguesclin.fr\/leguide\/wp-content\/uploads\/2021\/02\/chauvigny-ancien7-150x150.jpg\" class=\"attachment-thumbnail size-thumbnail wp-post-image\" alt=\"\" loading=\"lazy\" style=\"\" srcset=\"https:\/\/www.tour-duguesclin.fr\/leguide\/wp-content\/uploads\/2021\/02\/chauvigny-ancien7-150x150.jpg 150w, https:\/\/www.tour-duguesclin.fr\/leguide\/wp-content\/uploads\/2021\/02\/chauvigny-ancien7-100x100.jpg 100w\" sizes=\"(max-width: 150px) 100vw, 150px\" \/><\/a><\/div><a href=\"https:\/\/www.tour-duguesclin.fr\/leguide\/?p=633\">Chauvigny avant&#8230;<\/a><div class=\"wp-block-latest-posts__post-excerpt\">Une plong\u00e9e dans le Chauvigny que les moins de 100 ans ne peuvent pas conna\u00eetre.<\/div><\/li>\n<li><div class=\"wp-block-latest-posts__featured-image aligncenter\"><a href=\"https:\/\/www.tour-duguesclin.fr\/leguide\/?p=110\"><img width=\"150\" height=\"150\" src=\"https:\/\/www.tour-duguesclin.fr\/leguide\/wp-content\/uploads\/2021\/02\/capture-150x150.jpg\" class=\"attachment-thumbnail size-thumbnail wp-post-image\" alt=\"\" loading=\"lazy\" style=\"\" srcset=\"https:\/\/www.tour-duguesclin.fr\/leguide\/wp-content\/uploads\/2021\/02\/capture-150x150.jpg 150w, https:\/\/www.tour-duguesclin.fr\/leguide\/wp-content\/uploads\/2021\/02\/capture-100x100.jpg 100w\" sizes=\"(max-width: 150px) 100vw, 150px\" \/><\/a><\/div><a href=\"https:\/\/www.tour-duguesclin.fr\/leguide\/?p=110\">Ils sont pass\u00e9s par Chauvigny !<\/a><div class=\"wp-block-latest-posts__post-excerpt\">Les personnalit\u00e9s les plus c\u00e9l\u00e8bres sont pass\u00e9es \u00e0 Chauvigny. En voici quelques-unes.<\/div><\/li>\n<li><div class=\"wp-block-latest-posts__featured-image aligncenter\"><a href=\"https:\/\/www.tour-duguesclin.fr\/leguide\/?p=90\"><img width=\"150\" height=\"150\" src=\"https:\/\/www.tour-duguesclin.fr\/leguide\/wp-content\/uploads\/2021\/02\/blason1-150x150.png\" class=\"attachment-thumbnail size-thumbnail wp-post-image\" alt=\"\" loading=\"lazy\" style=\"\" srcset=\"https:\/\/www.tour-duguesclin.fr\/leguide\/wp-content\/uploads\/2021\/02\/blason1-150x150.png 150w, https:\/\/www.tour-duguesclin.fr\/leguide\/wp-content\/uploads\/2021\/02\/blason1-100x100.png 100w\" sizes=\"(max-width: 150px) 100vw, 150px\" \/><\/a><\/div><a href=\"https:\/\/www.tour-duguesclin.fr\/leguide\/?p=90\">Le blason de Chauvigny<\/a><div class=\"wp-block-latest-posts__post-excerpt\">Le blason et la devise des seigneurs de Chauvigny<\/div><\/li>\n<\/ul>\n\n\n<p><\/p>\n","protected":false},"excerpt":{"rendered":"","protected":false},"author":1,"featured_media":0,"parent":0,"menu_order":0,"comment_status":"closed","ping_status":"closed","template":"","meta":[],"_links":{"self":[{"href":"https:\/\/www.tour-duguesclin.fr\/leguide\/index.php?rest_route=\/wp\/v2\/pages\/340"}],"collection":[{"href":"https:\/\/www.tour-duguesclin.fr\/leguide\/index.php?rest_route=\/wp\/v2\/pages"}],"about":[{"href":"https:\/\/www.tour-duguesclin.fr\/leguide\/index.php?rest_route=\/wp\/v2\/types\/page"}],"author":[{"embeddable":true,"href":"https:\/\/www.tour-duguesclin.fr\/leguide\/index.php?rest_route=\/wp\/v2\/users\/1"}],"replies":[{"embeddable":true,"href":"https:\/\/www.tour-duguesclin.fr\/leguide\/index.php?rest_route=%2Fwp%2Fv2%2Fcomments&post=340"}],"version-history":[{"count":14,"href":"https:\/\/www.tour-duguesclin.fr\/leguide\/index.php?rest_route=\/wp\/v2\/pages\/340\/revisions"}],"predecessor-version":[{"id":827,"href":"https:\/\/www.tour-duguesclin.fr\/leguide\/index.php?rest_route=\/wp\/v2\/pages\/340\/revisions\/827"}],"wp:attachment":[{"href":"https:\/\/www.tour-duguesclin.fr\/leguide\/index.php?rest_route=%2Fwp%2Fv2%2Fmedia&parent=340"}],"curies":[{"name":"wp","href":"https:\/\/api.w.org\/{rel}","templated":true}]}}