{"id":844,"date":"2021-03-03T19:12:12","date_gmt":"2021-03-03T18:12:12","guid":{"rendered":"https:\/\/www.tour-duguesclin.fr\/leguide\/?page_id=844"},"modified":"2021-03-03T19:41:24","modified_gmt":"2021-03-03T18:41:24","slug":"improve-the-city","status":"publish","type":"page","link":"https:\/\/www.tour-duguesclin.fr\/leguide\/?page_id=844&lang=en","title":{"rendered":"Beautify the city"},"content":{"rendered":"\n<p>Do you have ideas to improve Chauvigny? Do you notice things that irritate you and do you have solutions to propose?<br>Don&rsquo;t hesitate to leave your contributions on this page, the most popular ideas will be forwarded to the town hall.<\/p>\n\n\n<style>\n\n    .ideapush-container i, .ideapush-container a, .ideapush-container .idea-item-tag:hover, .ideapush-container .idea-item-file:hover, .ideapush-dialog .close-button, .ideapush-dialog-image .close-button, .idea-page-number.active,.idea-page-number:hover\n    {color: #dd3333;}\n\n\n    .ideapush-container .idea-item-tag:hover, .ideapush-container .idea-item-file:hover, .ideapush-dialog .ui-button,.ideapush-dialog .ui-button:hover,.ideapush-dialog .ui-button:focus, .ideapush-dialog .close-button, .ideapush-dialog-image .close-button, .idea-page-number.active,.idea-page-number:hover, .ideapush-container .challenge-message-box, .ideapush-container .vote-bank-message-box\n    {border-color: #dd3333;}\n\n    .submit-new-idea,.submit-new-idea:hover,.submit-new-idea:focus, .update-user-profile,.update-user-profile:hover,.update-user-profile:focus, .ideapush-dialog .ui-button,.ideapush-dialog .ui-button:hover,.ideapush-dialog .ui-button:focus, .admin-star-outer,.admin-star-outer-large, .create-idea-form-reveal,.create-idea-form-reveal:hover,.create-idea-form-reveal:focus, .ideapush-container .challenge-message-box,\n    .ideapush-container .vote-bank-message-box, .submit-new-comment,.submit-new-comment:hover,.submit-new-comment:focus\n    {background-color: #dd3333;}\n\n    .alertify .cancel\n    {color: #dd3333 !important;}\n\n    .alertify .ok, .alertify .cancel\n    {border-color: #dd3333 !important;}\n\n    .alertify .ok\n    {background-color: #dd3333 !important;}\n\n\n    <\/style><div class=\"ideapush-container\" data=\"20\"><div class=\"ideapush-container-header\"><\/div><div class=\"ideapush-container-ideas\"><div class=\"ideapush-container-idea-header\"><div class=\"ideapush-idea-filter\"><i class=\"ideapush-icon-Sort\"><\/i><select title=\"Sort Options\" data-user-id=\"\" class=\"ideapush-sort\"><option value=\"popular\" selected=\"selected\">Populaire<\/option><option value=\"recent\" >R\u00e9cent<\/option><option value=\"trending\" >Tendance<\/option><\/select><i class=\"ideapush-icon-Filter\"><\/i><select title=\"Sort By Status\" class=\"ideapush-status-filter\"><option value=\"open\">Ouvert<\/option><option value=\"reviewed\">Valid\u00e9<\/option><option value=\"all-statuses\" selected=\"selected\">Tous les statuts<\/option><\/select><\/div><div class=\"ideapush-idea-search\"><input title=\"Recherche\" class=\"ideapush-search-input\" placeholder=\"Recherche\"><i class=\"ideapush-icon-Search search-icon\"><\/i><\/input><\/div><\/div><ul class=\"dynamic-idea-listing\" data=\"20\"><li class=\"idea-item idea-item-785\"><div class=\"idea-item-left\"><div class=\"idea-vote-container\" data=\"785\"><span class=\"idea-vote-number\">1<\/span><\/div><\/div><div class=\"idea-item-right\"><div class=\"idea-item-right-inner\"><a href=\"https:\/\/www.tour-duguesclin.fr\/leguide\/?idea=cables\" class=\"idea-title\">cables laids<\/a><div class=\"idea-item-meta\"><span class=\"status-container\"><span class=\"idea-item-status idea-item-status-reviewed\">Valid\u00e9<\/span><\/span><\/div><div class=\"idea-item-content-container\"><span class=\"idea-item-content\">En cit\u00e9 m\u00e9di\u00e9vale, les cables EDF et t\u00e9l\u00e9phoniques courent sur les fa\u00e7ades, c'est vraiment laid. Serait-il possible de demander aux op\u00e9rateurs d'enterrer ces cables ?<\/span><\/div><div class=\"idea-item-additional-meta\"><\/div><\/div><\/div><\/li><li class=\"idea-item idea-item-794\"><div class=\"idea-item-left\"><div class=\"idea-vote-container\" data=\"794\"><span class=\"idea-vote-number\">1<\/span><\/div><\/div><div class=\"idea-item-right\"><div class=\"idea-item-right-inner\"><a href=\"https:\/\/www.tour-duguesclin.fr\/leguide\/?idea=redorer-les-plaques-de-rue\" class=\"idea-title\">Redorer les plaques de rue<\/a><div class=\"idea-item-meta\"><span class=\"status-container\"><span class=\"idea-item-status idea-item-status-reviewed\">Valid\u00e9<\/span><\/span><\/div><div class=\"idea-item-content-container\"><span class=\"idea-item-content\">Elles sont magnifiques mais plus trop lisibles. A d\u00e9faut de les changer, il est peut-\u00eatre possible de les redorer pour leur rendre leur lustre ?<\/span><\/div><div class=\"idea-item-additional-meta\"><span class=\"idea-item-attachment\"><i class=\"ideapush-icon-Image\"><\/i><a target=\"_blank\" href=\"https:\/\/www.tour-duguesclin.fr\/leguide\/wp-content\/uploads\/2021\/03\/blason-rue-1.jpg\" class=\"idea-item-file\">Fichier joint<\/a><\/span><\/div><\/div><\/div><\/li><li class=\"idea-item idea-item-802\"><div class=\"idea-item-left\"><div class=\"idea-vote-container\" data=\"802\"><span class=\"idea-vote-number\">1<\/span><\/div><\/div><div class=\"idea-item-right\"><div class=\"idea-item-right-inner\"><a href=\"https:\/\/www.tour-duguesclin.fr\/leguide\/?idea=fleurir-la-ville\" class=\"idea-title\">Fleurir la ville<\/a><div class=\"idea-item-meta\"><span class=\"status-container\"><span class=\"idea-item-status idea-item-status-reviewed\">Valid\u00e9<\/span><\/span><\/div><div class=\"idea-item-content-container\"><span class=\"idea-item-content\">Il para\u00eet que Chauvigny est une ville fleurie **, \u00e7a ne se voit vraiment pas, surtout en cit\u00e9 m\u00e9di\u00e9vale. Ne pourrait-on pas demander aux habitants de participer en les aidant si besoin ? La ville est <\/span>... <a class=\"idea-read-more\" href=\"https:\/\/www.tour-duguesclin.fr\/leguide\/?idea=fleurir-la-ville\">Read more...<\/a><\/div><div class=\"idea-item-additional-meta\"><\/div><\/div><\/div><\/li><li class=\"idea-item idea-item-810\"><div class=\"idea-item-left\"><div class=\"idea-vote-container\" data=\"810\"><span class=\"idea-vote-number\">0<\/span><i class=\"ideapush-icon-Up-Vote vote-up-unvoted\"><\/i><\/div><\/div><div class=\"idea-item-right\"><div class=\"idea-item-right-inner\"><a href=\"https:\/\/www.tour-duguesclin.fr\/leguide\/?idea=piste-cyclable\" class=\"idea-title\">Piste cyclable<\/a><div class=\"idea-item-meta\"><span class=\"status-container\"><span class=\"idea-item-status idea-item-status-open\">Ouvert<\/span><\/span><\/div><div class=\"idea-item-content-container\"><span class=\"idea-item-content\">Le long de la nationale, pour pouvoir aller au superU ou \u00e0 la zone de La Carte \u00e0 pied\/\u00e0 v\u00e9lo en s\u00e9curit\u00e9.<\/span><\/div><div class=\"idea-item-additional-meta\"><\/div><\/div><\/div><\/li><li class=\"idea-item idea-item-811\"><div class=\"idea-item-left\"><div class=\"idea-vote-container\" data=\"811\"><span class=\"idea-vote-number\">0<\/span><i class=\"ideapush-icon-Up-Vote vote-up-unvoted\"><\/i><\/div><\/div><div class=\"idea-item-right\"><div class=\"idea-item-right-inner\"><a href=\"https:\/\/www.tour-duguesclin.fr\/leguide\/?idea=poubelle\" class=\"idea-title\">Poubelle<\/a><div class=\"idea-item-meta\"><span class=\"status-container\"><span class=\"idea-item-status idea-item-status-open\">Ouvert<\/span><\/span><\/div><div class=\"idea-item-content-container\"><span class=\"idea-item-content\">Il y a souvent des poubelles qui tra\u00eenent dans les rues; le soir de la collecte, c'est normal mais quand c'est t\u00f4t dans la journ\u00e9e ou en dehors des jours de collecte, c'est p\u00e9nible. On devrait pouvoir<\/span>... <a class=\"idea-read-more\" href=\"https:\/\/www.tour-duguesclin.fr\/leguide\/?idea=poubelle\">Read more...<\/a><\/div><div class=\"idea-item-additional-meta\"><\/div><\/div><\/div><\/li><\/ul><\/div><button class=\"create-idea-form-reveal\">Soumettre une nouvelle id\u00e9e<\/button><div class=\"ideapush-container-form\" data-single-idea-disabled=\"false\"><style>\n\n    .ideapush-container i, .ideapush-container a, .ideapush-container .idea-item-tag:hover, .ideapush-container .idea-item-file:hover, .ideapush-dialog .close-button, .ideapush-dialog-image .close-button, .idea-page-number.active,.idea-page-number:hover\n    {color: #dd3333;}\n\n\n    .ideapush-container .idea-item-tag:hover, .ideapush-container .idea-item-file:hover, .ideapush-dialog .ui-button,.ideapush-dialog .ui-button:hover,.ideapush-dialog .ui-button:focus, .ideapush-dialog .close-button, .ideapush-dialog-image .close-button, .idea-page-number.active,.idea-page-number:hover, .ideapush-container .challenge-message-box, .ideapush-container .vote-bank-message-box\n    {border-color: #dd3333;}\n\n    .submit-new-idea,.submit-new-idea:hover,.submit-new-idea:focus, .update-user-profile,.update-user-profile:hover,.update-user-profile:focus, .ideapush-dialog .ui-button,.ideapush-dialog .ui-button:hover,.ideapush-dialog .ui-button:focus, .admin-star-outer,.admin-star-outer-large, .create-idea-form-reveal,.create-idea-form-reveal:hover,.create-idea-form-reveal:focus, .ideapush-container .challenge-message-box,\n    .ideapush-container .vote-bank-message-box, .submit-new-comment,.submit-new-comment:hover,.submit-new-comment:focus\n    {background-color: #dd3333;}\n\n    .alertify .cancel\n    {color: #dd3333 !important;}\n\n    .alertify .ok, .alertify .cancel\n    {border-color: #dd3333 !important;}\n\n    .alertify .ok\n    {background-color: #dd3333 !important;}\n\n\n    <\/style><div class=\"ideapush-form-inner\"><span class=\"ideapush-form-title\">Soumettre votre id\u00e9e<\/span><a href=\"https:\/\/www.tour-duguesclin.fr\/leguide\/wp-login.php?redirect_to=https%3A%2F%2Fwww.tour-duguesclin.fr%2Fleguide\" class=\"ideapush-login-link\">Login<\/a><input type=\"text\" class=\"ideapush-form-first-name\" placeholder=\"First name\" maxlength=\"100\" required><input type=\"text\" class=\"ideapush-form-last-name\" placeholder=\"Last name\" maxlength=\"100\" required><input type=\"email\" class=\"ideapush-form-email\" placeholder=\"Email\" maxlength=\"150\" required><input type=\"password\" class=\"ideapush-form-password\" placeholder=\"Password\" required><input type=\"text\" class=\"ideapush-form-idea-title\" placeholder=\"Titre de l&#039;id\u00e9e\" maxlength=\"250\" required><textarea class=\"ideapush-form-idea-description\" placeholder=\"Ajouter une description d\u00e9taill\u00e9e\" maxlength=\"2000\" rows=\"8\" required=\"required\"><\/textarea><span class=\"ideapush-form-idea-description-counter\"><span class=\"counter-number\">0<\/span>\/2000<\/span><input class=\"ideapush-form-idea-attachment\" type=\"file\" name=\"fileToUpload\" id=\"fileToUpload\" accept=\".jpg, .jpeg, .png, .gif\"><label class=\"ideapush-form-idea-attachment-label\" for=\"fileToUpload\"><i class=\"ideapush-icon-Image\"><\/i> Joindre une image<\/label><button class=\"submit-new-idea\">Soumettre <i class=\"ideapush-icon-Submit\"><\/i><\/button><span class=\"idea-publish-loading\" style=\"display:none;\">Merci de patienter <i class=\"ideapush-icon-Loading idea-publish-loading-icon\"><\/i><\/span><\/div><div style=\"display: none;\" id=\"dialog-idea-published\" data=\"Idea submitted successfully\"><\/div><div style=\"display: none;\" id=\"dialog-idea-reviewed\" data=\"Id\u00e9e soumise, en attente de validation\"><\/div><div style=\"display: none;\" id=\"dialog-recaptcha-fail\" data=\"Please make sure the reCAPTCHA is validated and all fields are completed\"><\/div><div style=\"display: none;\" id=\"dialog-math-fail\" data=\"You did not enter in a correct math value\"><\/div><div style=\"display: none;\" id=\"dialog-honey-fail\" data=\"It looks like you could be a robot, or alternatively please turn off any form autofill you have setup\"><\/div><div style=\"display: none;\" id=\"dialog-privacy-fail\" data=\"Please accept our privacy statement\"><\/div><div style=\"display: none;\" id=\"dialog-file-fail\" data=\"Please make sure all fields are completed\"><\/div><div style=\"display: none;\" id=\"dialog-attachment-fail\" data=\"There was an issue with the file you uploaded, please try again\"><\/div><div style=\"display: none;\" id=\"dialog-login-to-vote\" data=\"You must first register your name and email address before you can vote. Please enter your information below and then try voting again.\"><\/div><div style=\"display: none;\" id=\"dialog-login-to-vote-required\" data=\"V\u00e9rifiez que tous les champs sont saisis et que le mail est valide\"><\/div><div style=\"display: none;\" id=\"dialog-existing-account\" data=\"An account already exists with this email, please login to associate the idea with your existing account.\"><\/div><div style=\"display: none;\" id=\"dialog-user-profile-error\" data=\"Please ensure a first and last is completed and your email is a valid email.\"><\/div><div style=\"display: none;\" id=\"no-votes-in-bank\" data=\"You have no votes votes left. Please wait until one of your ideas meets the threshold score or remove one of your existing votes.\"><\/div><div style=\"display: none;\" id=\"no-comment\" data=\"Please enter a comment.\"><\/div><div style=\"display: none;\" id=\"max-file-size\" data=\"5\"><\/div><\/div><\/div><div style=\"display: none;\" id=\"dialog-no-vote\" data=\"Vous avez atteint le nombre de vote quotidien autoris\u00e9 ou le vote est d\u00e9sactiv\u00e9 sur ce tableau de bord\"><\/div><div style=\"display: none;\" id=\"dialog-no-idea\" data=\"You have reached your daily idea creation limit or idea creation has been disabled on this board.\"><\/div><div style=\"display: none;\" id=\"dialog-idea-delete\" data=\"Voulez-vous vraiment supprimer cette id\u00e9e ?\"><\/div><div style=\"display: none;\" id=\"dialog-idea-deleted\" data=\"The idea has been deleted.\"><\/div><div style=\"display: none;\" id=\"dialog-edit-idea-heading\" data=\"Modifier l'id\u00e9e\"><\/div><div style=\"display: none;\" id=\"dialog-idea-edited\" data=\"L'id\u00e9e a \u00e9t\u00e9 mise \u00e0 jour\"><\/div><div style=\"display: none;\" id=\"dialog-idea-duplicate\" data=\"Please search for and select the original idea. Once you click submit the duplicate idea will be given a duplicate status and no more votes will be allowed for this idea and votes given to this idea will be transferred to the original idea where appropriate. The author of this duplicate idea will be notified of this status change if notifications are enabled in the plugin settings.\"><\/div><div style=\"display: none;\" id=\"dialog-idea-duplicate-success\" data=\"Id\u00e9e marqu\u00e9e comme dupliqu\u00e9e\"><\/div><div style=\"display: none;\" id=\"create-user-form\" data-first=\"First name\" data-last=\"Last name\" data-email=\"Email\" data-email-confirm=\"Confirm email\" data-password=\"Password\"><\/div><div style=\"display: none;\" id=\"ok-cancel-buttons\" data-submit=\"Soumettre\" data-cancel=\"Cancel\" data-yes=\"Yes\" data-no=\"No\"><\/div>\n","protected":false},"excerpt":{"rendered":"<p>Do you have ideas to improve Chauvigny? Do you notice things that irritate you and do you have solutions to propose?Don&rsquo;t hesitate to leave your contributions on this page, the most popular ideas will be&hellip;<\/p>\n<p><a class=\"excerpt-readmore\" href=\"https:\/\/www.tour-duguesclin.fr\/leguide\/?page_id=844&#038;lang=en\">Read More<\/a><\/p>\n","protected":false},"author":1,"featured_media":0,"parent":0,"menu_order":0,"comment_status":"closed","ping_status":"closed","template":"","meta":[],"_links":{"self":[{"href":"https:\/\/www.tour-duguesclin.fr\/leguide\/index.php?rest_route=\/wp\/v2\/pages\/844"}],"collection":[{"href":"https:\/\/www.tour-duguesclin.fr\/leguide\/index.php?rest_route=\/wp\/v2\/pages"}],"about":[{"href":"https:\/\/www.tour-duguesclin.fr\/leguide\/index.php?rest_route=\/wp\/v2\/types\/page"}],"author":[{"embeddable":true,"href":"https:\/\/www.tour-duguesclin.fr\/leguide\/index.php?rest_route=\/wp\/v2\/users\/1"}],"replies":[{"embeddable":true,"href":"https:\/\/www.tour-duguesclin.fr\/leguide\/index.php?rest_route=%2Fwp%2Fv2%2Fcomments&post=844"}],"version-history":[{"count":3,"href":"https:\/\/www.tour-duguesclin.fr\/leguide\/index.php?rest_route=\/wp\/v2\/pages\/844\/revisions"}],"predecessor-version":[{"id":857,"href":"https:\/\/www.tour-duguesclin.fr\/leguide\/index.php?rest_route=\/wp\/v2\/pages\/844\/revisions\/857"}],"wp:attachment":[{"href":"https:\/\/www.tour-duguesclin.fr\/leguide\/index.php?rest_route=%2Fwp%2Fv2%2Fmedia&parent=844"}],"curies":[{"name":"wp","href":"https:\/\/api.w.org\/{rel}","templated":true}]}}